{"id":16,"date":"2017-06-07T20:59:50","date_gmt":"2017-06-07T18:59:50","guid":{"rendered":"http:\/\/almanachnaturo.fr\/?page_id=16"},"modified":"2026-01-20T07:33:44","modified_gmt":"2026-01-20T06:33:44","slug":"accueil","status":"publish","type":"page","link":"https:\/\/almanachnaturo.fr\/","title":{"rendered":"Bienvenue sur mon blog !"},"content":{"rendered":"<p>Ce blog est destin\u00e9 \u00e0 tous ceux qui recherchent le bien &#8211; \u00eatre, l&rsquo;harmonie sur tous les plans, physique, vital, mental et spirituel. Le bien &#8211; \u00eatre c&rsquo;est aussi la paix avec soi &#8211; m\u00eame et avec son environnement, le calme int\u00e9rieur, la tranquillit\u00e9 de l&rsquo;\u00e2me et la confiance en la vie. Et justement, la naturopathie, qui est avant tout une hygi\u00e8ne de vie, vous offre tous les outils pour y parvenir. Vous trouverez sur ce blog des id\u00e9es, inspirations, outils, m\u00e9thodes simples et pratiques, recettes, mais aussi les ateliers et prestations que je propose pour prendre soin de vous et vous cr\u00e9er jour apr\u00e8s jour&#8230;<\/p>\n<p>&nbsp;<\/p>\n<p>&nbsp;<\/p>\n<pre><img loading=\"lazy\" decoding=\"async\" class=\"size-medium wp-image-2331 alignleft\" src=\"https:\/\/almanachnaturo.fr\/wp-content\/uploads\/2021\/04\/cropped-cropped-plante-medicinaleshutterstock_568117453-copie-2-1-scaled-1-300x90.jpg\" alt=\"\" width=\"300\" height=\"90\" srcset=\"https:\/\/almanachnaturo.fr\/wp-content\/uploads\/2021\/04\/cropped-cropped-plante-medicinaleshutterstock_568117453-copie-2-1-scaled-1-300x90.jpg 300w, https:\/\/almanachnaturo.fr\/wp-content\/uploads\/2021\/04\/cropped-cropped-plante-medicinaleshutterstock_568117453-copie-2-1-scaled-1-1024x308.jpg 1024w, https:\/\/almanachnaturo.fr\/wp-content\/uploads\/2021\/04\/cropped-cropped-plante-medicinaleshutterstock_568117453-copie-2-1-scaled-1-768x231.jpg 768w, https:\/\/almanachnaturo.fr\/wp-content\/uploads\/2021\/04\/cropped-cropped-plante-medicinaleshutterstock_568117453-copie-2-1-scaled-1-1536x461.jpg 1536w, https:\/\/almanachnaturo.fr\/wp-content\/uploads\/2021\/04\/cropped-cropped-plante-medicinaleshutterstock_568117453-copie-2-1-scaled-1-2048x615.jpg 2048w\" sizes=\"auto, (max-width: 300px) 100vw, 300px\" \/><strong>BLOG<\/strong>\r\n<a href=\"https:\/\/almanachnaturo.fr\/?page_id=19\"><strong>Ici<\/strong><\/a>\r\n\r\n\r\n<\/pre>\n<pre><strong><img loading=\"lazy\" decoding=\"async\" class=\" wp-image-1710 alignleft\" src=\"https:\/\/almanachnaturo.fr\/wp-content\/uploads\/2021\/02\/journal-mission-2-300x216.jpg\" alt=\"\" width=\"159\" height=\"114\" \/>ATELIERS\r\n<a href=\"https:\/\/almanachnaturo.fr\/?cat=19\">Ici<\/a><\/strong><\/pre>\n<p>&nbsp;<\/p>\n<p><em>Veuillez noter qu\u2019un naturopathe n\u2019est pas un m\u00e9decin. Il donne des conseils d\u2019hygi\u00e8ne de vie.<\/em><\/p>\n<ul>\n<li><em>Les conseils et informations donn\u00e9es sur ce blog ne remplacent pas l\u2019avis d\u2019un professionnel de sant\u00e9<\/em><\/li>\n<li><em>Si vous \u00eates malade, sous traitement, enceinte, allaitante, enfant, et que vous souhaitez prendre des compl\u00e9ments alimentaires, plantes, huiles essentielles, ou changer d\u2019alimentation, etc. demandez \u00a0un conseil m\u00e9dical<\/em><\/li>\n<li><em>Lisez toujours attentivement les consignes des marques sur l\u2019utilisation des huiles essentielles ou compl\u00e9ments alimentaires, il y a toujours des contre-indications et des pr\u00e9cautions d&#8217;emploi<\/em><\/li>\n<\/ul>\n<p>&nbsp;<\/p>\n<p>&nbsp;<\/p>\n<p>&nbsp;<\/p>\n","protected":false},"excerpt":{"rendered":"<p>Ce blog est destin\u00e9 \u00e0 tous ceux qui recherchent le bien &#8211; \u00eatre, l&rsquo;harmonie sur tous les plans, physique, vital,&hellip; <\/p>\n","protected":false},"author":4,"featured_media":0,"parent":0,"menu_order":0,"comment_status":"closed","ping_status":"closed","template":"","meta":{"footnotes":""},"class_list":["post-16","page","type-page","status-publish","hentry"],"yoast_head":"<!-- This site is optimized with the Yoast SEO plugin v27.6 - https:\/\/yoast.com\/product\/yoast-seo-wordpress\/ -->\n<title>Bienvenue sur mon blog ! - ALMANACH NATURO<\/title>\n<meta name=\"robots\" content=\"index, follow, max-snippet:-1, max-image-preview:large, max-video-preview:-1\" \/>\n<link rel=\"canonical\" href=\"https:\/\/almanachnaturo.fr\/\" \/>\n<meta property=\"og:locale\" content=\"fr_FR\" \/>\n<meta property=\"og:type\" content=\"article\" \/>\n<meta property=\"og:title\" content=\"Bienvenue sur mon blog ! - ALMANACH NATURO\" \/>\n<meta property=\"og:description\" content=\"Ce blog est destin\u00e9 \u00e0 tous ceux qui recherchent le bien &#8211; \u00eatre, l&rsquo;harmonie sur tous les plans, physique, vital,&hellip;\" \/>\n<meta property=\"og:url\" content=\"https:\/\/almanachnaturo.fr\/\" \/>\n<meta property=\"og:site_name\" content=\"ALMANACH NATURO\" \/>\n<meta property=\"article:modified_time\" content=\"2026-01-20T06:33:44+00:00\" \/>\n<meta property=\"og:image\" content=\"https:\/\/almanachnaturo.fr\/wp-content\/uploads\/2021\/04\/cropped-cropped-plante-medicinaleshutterstock_568117453-copie-2-1-scaled-1.jpg\" \/>\n\t<meta property=\"og:image:width\" content=\"2500\" \/>\n\t<meta property=\"og:image:height\" content=\"751\" \/>\n\t<meta property=\"og:image:type\" content=\"image\/jpeg\" \/>\n<meta name=\"twitter:card\" content=\"summary_large_image\" \/>\n<meta name=\"twitter:label1\" content=\"Dur\u00e9e de lecture estim\u00e9e\" \/>\n\t<meta name=\"twitter:data1\" content=\"1 minute\" \/>\n<script type=\"application\/ld+json\" class=\"yoast-schema-graph\">{\"@context\":\"https:\\\/\\\/schema.org\",\"@graph\":[{\"@type\":\"WebPage\",\"@id\":\"https:\\\/\\\/almanachnaturo.fr\\\/\",\"url\":\"https:\\\/\\\/almanachnaturo.fr\\\/\",\"name\":\"Bienvenue sur mon blog ! - ALMANACH NATURO\",\"isPartOf\":{\"@id\":\"https:\\\/\\\/almanachnaturo.fr\\\/#website\"},\"primaryImageOfPage\":{\"@id\":\"https:\\\/\\\/almanachnaturo.fr\\\/#primaryimage\"},\"image\":{\"@id\":\"https:\\\/\\\/almanachnaturo.fr\\\/#primaryimage\"},\"thumbnailUrl\":\"https:\\\/\\\/almanachnaturo.fr\\\/wp-content\\\/uploads\\\/2021\\\/04\\\/cropped-cropped-plante-medicinaleshutterstock_568117453-copie-2-1-scaled-1-300x90.jpg\",\"datePublished\":\"2017-06-07T18:59:50+00:00\",\"dateModified\":\"2026-01-20T06:33:44+00:00\",\"breadcrumb\":{\"@id\":\"https:\\\/\\\/almanachnaturo.fr\\\/#breadcrumb\"},\"inLanguage\":\"fr-FR\",\"potentialAction\":[{\"@type\":\"ReadAction\",\"target\":[\"https:\\\/\\\/almanachnaturo.fr\\\/\"]}]},{\"@type\":\"ImageObject\",\"inLanguage\":\"fr-FR\",\"@id\":\"https:\\\/\\\/almanachnaturo.fr\\\/#primaryimage\",\"url\":\"https:\\\/\\\/almanachnaturo.fr\\\/wp-content\\\/uploads\\\/2021\\\/04\\\/cropped-cropped-plante-medicinaleshutterstock_568117453-copie-2-1-scaled-1.jpg\",\"contentUrl\":\"https:\\\/\\\/almanachnaturo.fr\\\/wp-content\\\/uploads\\\/2021\\\/04\\\/cropped-cropped-plante-medicinaleshutterstock_568117453-copie-2-1-scaled-1.jpg\",\"width\":2500,\"height\":751},{\"@type\":\"BreadcrumbList\",\"@id\":\"https:\\\/\\\/almanachnaturo.fr\\\/#breadcrumb\",\"itemListElement\":[{\"@type\":\"ListItem\",\"position\":1,\"name\":\"Accueil\",\"item\":\"https:\\\/\\\/almanachnaturo.fr\\\/\"},{\"@type\":\"ListItem\",\"position\":2,\"name\":\"Bienvenue sur mon blog !\"}]},{\"@type\":\"WebSite\",\"@id\":\"https:\\\/\\\/almanachnaturo.fr\\\/#website\",\"url\":\"https:\\\/\\\/almanachnaturo.fr\\\/\",\"name\":\"ALMANACH NATURO\",\"description\":\"soin de soi jour apr\u00e8s jour\",\"publisher\":{\"@id\":\"https:\\\/\\\/almanachnaturo.fr\\\/#organization\"},\"potentialAction\":[{\"@type\":\"SearchAction\",\"target\":{\"@type\":\"EntryPoint\",\"urlTemplate\":\"https:\\\/\\\/almanachnaturo.fr\\\/?s={search_term_string}\"},\"query-input\":{\"@type\":\"PropertyValueSpecification\",\"valueRequired\":true,\"valueName\":\"search_term_string\"}}],\"inLanguage\":\"fr-FR\"},{\"@type\":\"Organization\",\"@id\":\"https:\\\/\\\/almanachnaturo.fr\\\/#organization\",\"name\":\"ALMANACH NATURO\",\"url\":\"https:\\\/\\\/almanachnaturo.fr\\\/\",\"logo\":{\"@type\":\"ImageObject\",\"inLanguage\":\"fr-FR\",\"@id\":\"https:\\\/\\\/almanachnaturo.fr\\\/#\\\/schema\\\/logo\\\/image\\\/\",\"url\":\"https:\\\/\\\/almanachnaturo.fr\\\/wp-content\\\/uploads\\\/2021\\\/04\\\/cropped-cropped-plante-medicinaleshutterstock_568117453-copie-2-1-scaled-1.jpg\",\"contentUrl\":\"https:\\\/\\\/almanachnaturo.fr\\\/wp-content\\\/uploads\\\/2021\\\/04\\\/cropped-cropped-plante-medicinaleshutterstock_568117453-copie-2-1-scaled-1.jpg\",\"width\":2500,\"height\":751,\"caption\":\"ALMANACH NATURO\"},\"image\":{\"@id\":\"https:\\\/\\\/almanachnaturo.fr\\\/#\\\/schema\\\/logo\\\/image\\\/\"}}]}<\/script>\n<!-- \/ Yoast SEO plugin. -->","yoast_head_json":{"title":"Bienvenue sur mon blog ! - ALMANACH NATURO","robots":{"index":"index","follow":"follow","max-snippet":"max-snippet:-1","max-image-preview":"max-image-preview:large","max-video-preview":"max-video-preview:-1"},"canonical":"https:\/\/almanachnaturo.fr\/","og_locale":"fr_FR","og_type":"article","og_title":"Bienvenue sur mon blog ! - ALMANACH NATURO","og_description":"Ce blog est destin\u00e9 \u00e0 tous ceux qui recherchent le bien &#8211; \u00eatre, l&rsquo;harmonie sur tous les plans, physique, vital,&hellip;","og_url":"https:\/\/almanachnaturo.fr\/","og_site_name":"ALMANACH NATURO","article_modified_time":"2026-01-20T06:33:44+00:00","og_image":[{"width":2500,"height":751,"url":"https:\/\/almanachnaturo.fr\/wp-content\/uploads\/2021\/04\/cropped-cropped-plante-medicinaleshutterstock_568117453-copie-2-1-scaled-1.jpg","type":"image\/jpeg"}],"twitter_card":"summary_large_image","twitter_misc":{"Dur\u00e9e de lecture estim\u00e9e":"1 minute"},"schema":{"@context":"https:\/\/schema.org","@graph":[{"@type":"WebPage","@id":"https:\/\/almanachnaturo.fr\/","url":"https:\/\/almanachnaturo.fr\/","name":"Bienvenue sur mon blog ! - ALMANACH NATURO","isPartOf":{"@id":"https:\/\/almanachnaturo.fr\/#website"},"primaryImageOfPage":{"@id":"https:\/\/almanachnaturo.fr\/#primaryimage"},"image":{"@id":"https:\/\/almanachnaturo.fr\/#primaryimage"},"thumbnailUrl":"https:\/\/almanachnaturo.fr\/wp-content\/uploads\/2021\/04\/cropped-cropped-plante-medicinaleshutterstock_568117453-copie-2-1-scaled-1-300x90.jpg","datePublished":"2017-06-07T18:59:50+00:00","dateModified":"2026-01-20T06:33:44+00:00","breadcrumb":{"@id":"https:\/\/almanachnaturo.fr\/#breadcrumb"},"inLanguage":"fr-FR","potentialAction":[{"@type":"ReadAction","target":["https:\/\/almanachnaturo.fr\/"]}]},{"@type":"ImageObject","inLanguage":"fr-FR","@id":"https:\/\/almanachnaturo.fr\/#primaryimage","url":"https:\/\/almanachnaturo.fr\/wp-content\/uploads\/2021\/04\/cropped-cropped-plante-medicinaleshutterstock_568117453-copie-2-1-scaled-1.jpg","contentUrl":"https:\/\/almanachnaturo.fr\/wp-content\/uploads\/2021\/04\/cropped-cropped-plante-medicinaleshutterstock_568117453-copie-2-1-scaled-1.jpg","width":2500,"height":751},{"@type":"BreadcrumbList","@id":"https:\/\/almanachnaturo.fr\/#breadcrumb","itemListElement":[{"@type":"ListItem","position":1,"name":"Accueil","item":"https:\/\/almanachnaturo.fr\/"},{"@type":"ListItem","position":2,"name":"Bienvenue sur mon blog !"}]},{"@type":"WebSite","@id":"https:\/\/almanachnaturo.fr\/#website","url":"https:\/\/almanachnaturo.fr\/","name":"ALMANACH NATURO","description":"soin de soi jour apr\u00e8s jour","publisher":{"@id":"https:\/\/almanachnaturo.fr\/#organization"},"potentialAction":[{"@type":"SearchAction","target":{"@type":"EntryPoint","urlTemplate":"https:\/\/almanachnaturo.fr\/?s={search_term_string}"},"query-input":{"@type":"PropertyValueSpecification","valueRequired":true,"valueName":"search_term_string"}}],"inLanguage":"fr-FR"},{"@type":"Organization","@id":"https:\/\/almanachnaturo.fr\/#organization","name":"ALMANACH NATURO","url":"https:\/\/almanachnaturo.fr\/","logo":{"@type":"ImageObject","inLanguage":"fr-FR","@id":"https:\/\/almanachnaturo.fr\/#\/schema\/logo\/image\/","url":"https:\/\/almanachnaturo.fr\/wp-content\/uploads\/2021\/04\/cropped-cropped-plante-medicinaleshutterstock_568117453-copie-2-1-scaled-1.jpg","contentUrl":"https:\/\/almanachnaturo.fr\/wp-content\/uploads\/2021\/04\/cropped-cropped-plante-medicinaleshutterstock_568117453-copie-2-1-scaled-1.jpg","width":2500,"height":751,"caption":"ALMANACH NATURO"},"image":{"@id":"https:\/\/almanachnaturo.fr\/#\/schema\/logo\/image\/"}}]}},"_links":{"self":[{"href":"https:\/\/almanachnaturo.fr\/index.php?rest_route=\/wp\/v2\/pages\/16","targetHints":{"allow":["GET"]}}],"collection":[{"href":"https:\/\/almanachnaturo.fr\/index.php?rest_route=\/wp\/v2\/pages"}],"about":[{"href":"https:\/\/almanachnaturo.fr\/index.php?rest_route=\/wp\/v2\/types\/page"}],"author":[{"embeddable":true,"href":"https:\/\/almanachnaturo.fr\/index.php?rest_route=\/wp\/v2\/users\/4"}],"replies":[{"embeddable":true,"href":"https:\/\/almanachnaturo.fr\/index.php?rest_route=%2Fwp%2Fv2%2Fcomments&post=16"}],"version-history":[{"count":8,"href":"https:\/\/almanachnaturo.fr\/index.php?rest_route=\/wp\/v2\/pages\/16\/revisions"}],"predecessor-version":[{"id":4195,"href":"https:\/\/almanachnaturo.fr\/index.php?rest_route=\/wp\/v2\/pages\/16\/revisions\/4195"}],"wp:attachment":[{"href":"https:\/\/almanachnaturo.fr\/index.php?rest_route=%2Fwp%2Fv2%2Fmedia&parent=16"}],"curies":[{"name":"wp","href":"https:\/\/api.w.org\/{rel}","templated":true}]}}